{"id":575,"date":"2023-11-26T07:59:28","date_gmt":"2023-11-26T06:59:28","guid":{"rendered":"https:\/\/lldea.starcitizen-beast.space\/?page_id=575"},"modified":"2023-11-26T07:59:28","modified_gmt":"2023-11-26T06:59:28","slug":"wiki-lldea","status":"publish","type":"page","link":"https:\/\/www.lldea.fr\/index.php\/wiki-lldea\/","title":{"rendered":"WIKI LLDEA"},"content":{"rendered":"\n<figure class=\"wp-block-image aligncenter size-large is-resized\"><img decoding=\"async\" src=\"https:\/\/lldea.starcitizen-beast.space\/wp-content\/uploads\/2023\/11\/lldea-spectrum-01-1024x446.png\" alt=\"\" class=\"wp-image-535\" style=\"aspect-ratio:2.295964125560538;width:584px;height:auto\"\/><\/figure>\n\n\n\n<p>WIKI hors lore officiel de Star citizen<\/p>\n\n\n\n<p><strong>ARGONAUTE<\/strong>: (LLDEA Argonaute) Vaisseau amirale de la LLDEA depuis 2949<\/p>\n\n\n\n<p><strong>BIH:<\/strong> Breath in Hurston association militant contre la gestion \u00e9cologique catastrophique de HD. Son si\u00e8ge est \u00e0 Arc Corp.<\/p>\n\n\n\n<p><strong>DEALL Charity<\/strong>: <strong>D<\/strong>eliverers of\u00a0<strong>E<\/strong>ndless\u00a0<strong>A<\/strong>ssistance,\u00a0<strong>L<\/strong>ove, and\u00a0<strong>L<\/strong>ight filiale caritative de la LLDEA sous l&rsquo;autorit\u00e9 d&rsquo;Orion Korolev<\/p>\n\n\n\n<p><strong>Liamson<\/strong>: <strong>Mo\u00efra <\/strong>Activiste originaire de Hurston de l&rsquo;association BIH (Breath in Hurston). Reporter star de ARC CORP TV <a href=\"https:\/\/lldea.starcitizen-beast.space\/2023\/11\/23\/mission-pour-lassociation-b-i-h\/\">voir l&rsquo;article<\/a><\/p>\n\n\n\n<p><strong>LLDEA CTI<\/strong>: Filiale Commerce, Transport et Industrie de la corporation. avec ses bureaux \u00e0 Baijini Point<\/p>\n\n\n\n<p><strong>LLDEA EMD<\/strong>: Filiale exploration, minage et Data  de la corporation. Administr\u00e9 par Lexore et les bureaux sont \u00e0 ARC L1<\/p>\n\n\n\n<p><strong>LLDEA Plazza<\/strong>: B\u00e2timent officielle de la corporation LLDEA situ\u00e9 au centre d&rsquo;Area 6 . C&rsquo;est le si\u00e8ge social de la corporation. <\/p>\n\n\n\n<p><strong>M\u00e9lissa<\/strong>:  Contact d&rsquo;Orion Korolev, actuelle responsable de la banque ind\u00e9pendante g\u00e9rant les compte de la corpo<\/p>\n\n\n\n<p><strong>NET Tech corp server and data<\/strong>: filiale de HURSTON DYNAMIC qui s&rsquo;occupe des data de Hurston Dynamic.  <a href=\"https:\/\/lldea.starcitizen-beast.space\/2021\/11\/05\/crise-entre-lldea-et-hurston-dynamics\/\">voir article<\/a><\/p>\n\n\n\n<p><strong>Vooters Kendra<\/strong>: Cliente importante travaillant pour <strong><em>Crusader Industries<\/em><\/strong><\/p>\n","protected":false},"excerpt":{"rendered":"<p>WIKI hors lore officiel de Star citizen ARGONAUTE: (LLDEA Argonaute) Vaisseau amirale de la LLDEA depuis 2949 BIH: Breath in Hurston association militant contre la gestion \u00e9cologique catastrophique de HD. &hellip; <\/p>\n<p class=\"link-more\"><a href=\"https:\/\/www.lldea.fr\/index.php\/wiki-lldea\/\" class=\"more-link\">Lire la suite de<span class=\"screen-reader-text\">\u00ab\u00a0WIKI LLDEA\u00a0\u00bb<\/span><\/a><\/p>\n","protected":false},"author":1,"featured_media":318,"parent":0,"menu_order":0,"comment_status":"closed","ping_status":"closed","template":"","meta":{"footnotes":""},"class_list":["post-575","page","type-page","status-publish","has-post-thumbnail","hentry"],"featured_media_urls":{"thumbnail":["https:\/\/www.lldea.fr\/wp-content\/uploads\/2021\/12\/ScreenShot-2021-11-07_08-30-34-C50-150x150.jpg",150,150,true],"medium":["https:\/\/www.lldea.fr\/wp-content\/uploads\/2021\/12\/ScreenShot-2021-11-07_08-30-34-C50-300x169.jpg",300,169,true],"medium_large":["https:\/\/www.lldea.fr\/wp-content\/uploads\/2021\/12\/ScreenShot-2021-11-07_08-30-34-C50-768x432.jpg",768,432,true],"large":["https:\/\/www.lldea.fr\/wp-content\/uploads\/2021\/12\/ScreenShot-2021-11-07_08-30-34-C50-1024x576.jpg",950,534,true],"1536x1536":["https:\/\/www.lldea.fr\/wp-content\/uploads\/2021\/12\/ScreenShot-2021-11-07_08-30-34-C50-1536x864.jpg",1536,864,true],"2048x2048":["https:\/\/www.lldea.fr\/wp-content\/uploads\/2021\/12\/ScreenShot-2021-11-07_08-30-34-C50.jpg",1920,1080,false],"inspiro-featured-image":["https:\/\/www.lldea.fr\/wp-content\/uploads\/2021\/12\/ScreenShot-2021-11-07_08-30-34-C50.jpg",1920,1080,false],"inspiro-loop":["https:\/\/www.lldea.fr\/wp-content\/uploads\/2021\/12\/ScreenShot-2021-11-07_08-30-34-C50-950x320.jpg",950,320,true],"inspiro-loop@2x":["https:\/\/www.lldea.fr\/wp-content\/uploads\/2021\/12\/ScreenShot-2021-11-07_08-30-34-C50-1900x640.jpg",1900,640,true],"portfolio_item-thumbnail":["https:\/\/www.lldea.fr\/wp-content\/uploads\/2021\/12\/ScreenShot-2021-11-07_08-30-34-C50-600x400.jpg",600,400,true],"portfolio_item-thumbnail@2x":["https:\/\/www.lldea.fr\/wp-content\/uploads\/2021\/12\/ScreenShot-2021-11-07_08-30-34-C50-1200x800.jpg",1200,800,true],"portfolio_item-masonry":["https:\/\/www.lldea.fr\/wp-content\/uploads\/2021\/12\/ScreenShot-2021-11-07_08-30-34-C50-600x338.jpg",600,338,true],"portfolio_item-masonry@2x":["https:\/\/www.lldea.fr\/wp-content\/uploads\/2021\/12\/ScreenShot-2021-11-07_08-30-34-C50-1200x675.jpg",1200,675,true],"portfolio_item-thumbnail_cinema":["https:\/\/www.lldea.fr\/wp-content\/uploads\/2021\/12\/ScreenShot-2021-11-07_08-30-34-C50-800x335.jpg",800,335,true],"portfolio_item-thumbnail_portrait":["https:\/\/www.lldea.fr\/wp-content\/uploads\/2021\/12\/ScreenShot-2021-11-07_08-30-34-C50-600x900.jpg",600,900,true],"portfolio_item-thumbnail_portrait@2x":["https:\/\/www.lldea.fr\/wp-content\/uploads\/2021\/12\/ScreenShot-2021-11-07_08-30-34-C50-1200x1080.jpg",1200,1080,true],"portfolio_item-thumbnail_square":["https:\/\/www.lldea.fr\/wp-content\/uploads\/2021\/12\/ScreenShot-2021-11-07_08-30-34-C50-800x800.jpg",800,800,true]},"_links":{"self":[{"href":"https:\/\/www.lldea.fr\/index.php\/wp-json\/wp\/v2\/pages\/575","targetHints":{"allow":["GET"]}}],"collection":[{"href":"https:\/\/www.lldea.fr\/index.php\/wp-json\/wp\/v2\/pages"}],"about":[{"href":"https:\/\/www.lldea.fr\/index.php\/wp-json\/wp\/v2\/types\/page"}],"author":[{"embeddable":true,"href":"https:\/\/www.lldea.fr\/index.php\/wp-json\/wp\/v2\/users\/1"}],"replies":[{"embeddable":true,"href":"https:\/\/www.lldea.fr\/index.php\/wp-json\/wp\/v2\/comments?post=575"}],"version-history":[{"count":0,"href":"https:\/\/www.lldea.fr\/index.php\/wp-json\/wp\/v2\/pages\/575\/revisions"}],"wp:featuredmedia":[{"embeddable":true,"href":"https:\/\/www.lldea.fr\/index.php\/wp-json\/wp\/v2\/media\/318"}],"wp:attachment":[{"href":"https:\/\/www.lldea.fr\/index.php\/wp-json\/wp\/v2\/media?parent=575"}],"curies":[{"name":"wp","href":"https:\/\/api.w.org\/{rel}","templated":true}]}}