{"id":317,"date":"2021-12-04T07:56:29","date_gmt":"2021-12-04T06:56:29","guid":{"rendered":"https:\/\/lldea.starcitizen-beast.space\/?page_id=317"},"modified":"2021-12-04T07:56:29","modified_gmt":"2021-12-04T06:56:29","slug":"histoire-lldea","status":"publish","type":"page","link":"https:\/\/www.lldea.fr\/index.php\/histoire-lldea\/","title":{"rendered":"HISTOIRE LLDEA"},"content":{"rendered":"\n<figure class=\"wp-block-image aligncenter size-large is-resized\"><img fetchpriority=\"high\" decoding=\"async\" width=\"1024\" height=\"1024\" src=\"https:\/\/lldea.starcitizen-beast.space\/wp-content\/uploads\/2021\/12\/LLDEAv2blogo-1024x1024.png\" alt=\"\" class=\"wp-image-310\" style=\"aspect-ratio:1;width:197px;height:auto\" srcset=\"https:\/\/www.lldea.fr\/wp-content\/uploads\/2021\/12\/LLDEAv2blogo-1024x1024.png 1024w, https:\/\/www.lldea.fr\/wp-content\/uploads\/2021\/12\/LLDEAv2blogo-300x300.png 300w, https:\/\/www.lldea.fr\/wp-content\/uploads\/2021\/12\/LLDEAv2blogo-150x150.png 150w, https:\/\/www.lldea.fr\/wp-content\/uploads\/2021\/12\/LLDEAv2blogo-768x768.png 768w, https:\/\/www.lldea.fr\/wp-content\/uploads\/2021\/12\/LLDEAv2blogo-1536x1536.png 1536w, https:\/\/www.lldea.fr\/wp-content\/uploads\/2021\/12\/LLDEAv2blogo-510x510.png 510w, https:\/\/www.lldea.fr\/wp-content\/uploads\/2021\/12\/LLDEAv2blogo.png 1770w\" sizes=\"(max-width: 1024px) 100vw, 1024px\" \/><\/figure>\n\n\n\n<h1 class=\"wp-block-heading\">AVANT 2951:<\/h1>\n\n\n\n<pre class=\"wp-block-verse has-medium-font-size\">la LLDEA est une entreprise familiale cr\u00e9\u00e9e il y a un demi si\u00e8cle en 2902 par Jason \"Yug\" Rod  \u00e0 l\u2019av\u00e8nement de la d\u00e9couverte de Stanton. mais sa passion pour le jeu ruina la petite entreprise. En 2910, Les seules ressources restantes furent mis de c\u00f4t\u00e9 par Rody Rod le fils a\u00een\u00e9 qui cr\u00e9a une soci\u00e9t\u00e9 sur les ruines de l\u2019ancienne compagnie. La LLDEA se d\u00e9veloppa jusqu\u2019au moment o\u00f9 les cr\u00e9anciers de leur p\u00e8re leur tomb\u00e8rent dessus afin de demander leur d\u00fb. Encore une fois, les finances coul\u00e8rent la soci\u00e9t\u00e9. Rody d\u00fb se cacher pendant un temps dans la base de GrimHex le temps que des cr\u00e9anciers peu recommandables furent arr\u00eat\u00e9s. Il rencontra un \u201croutier\u201d de l\u2019espace: Ricou \"Cold\" avec qui il fonda la 3\u00e8me fois la LLDEA. Cette fois ci, Le commerce fut mis en avant. En 2940, Ricou d\u00e9couvrit la fille cach\u00e9e de Rody: Yena \u201cBeast\u201d Ju'un sur Arc Corp. Il l\u2019adopta et l\u2019int\u00e9gra dans la LLDEA. Depuis ce temps, Yena appelait Rody Papa et Ricou Maman. Yena , malgr\u00e9 sa vie difficile dans la soci\u00e9t\u00e9 d\u2019ArcCorp, avait d\u00e9velopp\u00e9e le go\u00fbt du luxe. Elle devint la charg\u00e9e de communication de la LLDEA. Essayant de chercher des nouvelles routes commerciales. Elle int\u00e9gra d\u2019autres pilotes \u00e0 l\u2019abandon. Les perspectives des d\u00e9couvertes pour en tirer profit furent int\u00e9gr\u00e9s dans la LLDEA. Les fonds furent investis dans des vaisseaux de transports et d\u2019exploration.  Yena \u201cBeast\u201d fille de l\u2019ancien PDG a reprit les r\u00eanes de la corporation.<\/pre>\n\n\n\n<pre class=\"wp-block-verse has-medium-font-size\">La corporation passa 3  ans  dans le consortium d'AEGIR qui s'effondra laissant la LLDEA voler de ses propres ailes et ses propres ambitions.\nla corporation a rejoint une petite Alliance avec les Hakkon et les VETS apr\u00e8s avoir quitt\u00e9 le consortium AEGIR . Les HAKON font partie de la LLDEA et sont des Freelancers comme tous les membres. Ils sont la force de s\u00e9curit\u00e9 de corporation industriel et d'exploration.\n\n<\/pre>\n\n\n\n<h1 class=\"wp-block-heading\" id=\"block-e2a6d2f2-d749-4fd7-89e7-ac3f7bb53527\">APRES 2951<\/h1>\n\n\n\n<p> <strong>D\u00e9but 2951<\/strong><\/p>\n\n\n\n<p>Yena devient un membre des Elders dans le Witan dans le consortium d&rsquo;AEGIR.<\/p>\n\n\n\n<p>Acquisition de son cargo personnel un MSR:  l&rsquo;<strong><em>Athyena<\/em><\/strong>.<\/p>\n\n\n\n<p>Installation du si\u00e8ge de la Soci\u00e9t\u00e9 \u00e0 AREA 6 dans la tour LLDEA Plazza<\/p>\n\n\n\n<p><strong>Ao\u00fbt 2951: <\/strong><\/p>\n\n\n\n<p>Le Tantale est renomm\u00e9 en <em>LLDEA Argonaute<\/em><\/p>\n\n\n\n<p>Sortie de prison de Rody qui s&rsquo;installe dans un bar qu&rsquo;il ach\u00e8te : le <em><strong>Rody&rsquo;s grim bar d&rsquo;Area 6<\/strong><\/em><\/p>\n\n\n\n<p><strong>Novembre 2951:<\/strong> Crise de Hurston Dynamics et Pirates de Pyro. <a href=\"https:\/\/lldea.starcitizen-beast.space\/2021\/11\/05\/crise-entre-lldea-et-hurston-dynamics\/\">voir article<\/a>  La LLDEA perd beaucoup d&rsquo;argent et des vaisseaux. Crispation avec HURSTON DYNAMICS.<\/p>\n\n\n\n<p> <strong>Mai 2952:<\/strong> Apr\u00e8s le d\u00e9part de Torme le hierarque, la LLDEA quitte le consortium pour voler de ses propres ailes.<\/p>\n\n\n\n<p> <strong>Juin 2952:<\/strong> Entente pour former une alliance entre les VETS, HAAKON et la LLDEA.<\/p>\n\n\n\n<p> <strong>Septembre 2952:<\/strong> Yena Beast  donne la responsabilit\u00e9 du  d\u00e9partement des \u0153uvres de charit\u00e9 de la <strong>DEALL<\/strong> (<strong>D<\/strong>eliverers of <strong>E<\/strong>ndless <strong>A<\/strong>ssistance, <strong>L<\/strong>ove, and <strong>L<\/strong>ight)  au freelancer Orion Korolev. <\/p>\n\n\n\n<p><strong>2953<\/strong>: Le conseil de la LLDEA comprend un conseil avec les freelancers: Lexgondra (Hakon) , Lexore, Baruch<\/p>\n\n\n\n<p><strong>Aout 2953<\/strong>: Apr\u00e8s LLDEA PLAZZA sur AREA6, et les <strong>bureau du d\u00e9partement  Exploration, Minage et DATA (LLDEA EMD)<\/strong>. La corporation fait l&rsquo;acquisition de bureaux \u00e0 Baijini point pour installer les<strong> bureaux du d\u00e9partement du commerce, Transport et industrie  (LLDEA CTI)<\/strong><\/p>\n\n\n\n<p><strong>Novembre 2953<\/strong>: Changement du logo de la Corporation LLDEA<\/p>\n\n\n\n<figure class=\"wp-block-image aligncenter size-full is-resized\"><img decoding=\"async\" src=\"https:\/\/lldea.starcitizen-beast.space\/wp-content\/uploads\/2023\/11\/cropped-lldea3b.png\" alt=\"\" class=\"wp-image-524\" style=\"aspect-ratio:1.0013755158184319;width:254px;height:auto\"\/><\/figure>\n\n\n\n<p><\/p>\n","protected":false},"excerpt":{"rendered":"<p>AVANT 2951: la LLDEA est une entreprise familiale cr\u00e9\u00e9e il y a un demi si\u00e8cle en 2902 par Jason \u00ab\u00a0Yug\u00a0\u00bb Rod \u00e0 l\u2019av\u00e8nement de la d\u00e9couverte de Stanton. mais sa &hellip; <\/p>\n<p class=\"link-more\"><a href=\"https:\/\/www.lldea.fr\/index.php\/histoire-lldea\/\" class=\"more-link\">Lire la suite de<span class=\"screen-reader-text\">\u00ab\u00a0HISTOIRE LLDEA\u00a0\u00bb<\/span><\/a><\/p>\n","protected":false},"author":1,"featured_media":318,"parent":0,"menu_order":0,"comment_status":"closed","ping_status":"closed","template":"","meta":{"footnotes":""},"class_list":["post-317","page","type-page","status-publish","has-post-thumbnail","hentry"],"featured_media_urls":{"thumbnail":["https:\/\/www.lldea.fr\/wp-content\/uploads\/2021\/12\/ScreenShot-2021-11-07_08-30-34-C50-150x150.jpg",150,150,true],"medium":["https:\/\/www.lldea.fr\/wp-content\/uploads\/2021\/12\/ScreenShot-2021-11-07_08-30-34-C50-300x169.jpg",300,169,true],"medium_large":["https:\/\/www.lldea.fr\/wp-content\/uploads\/2021\/12\/ScreenShot-2021-11-07_08-30-34-C50-768x432.jpg",768,432,true],"large":["https:\/\/www.lldea.fr\/wp-content\/uploads\/2021\/12\/ScreenShot-2021-11-07_08-30-34-C50-1024x576.jpg",950,534,true],"1536x1536":["https:\/\/www.lldea.fr\/wp-content\/uploads\/2021\/12\/ScreenShot-2021-11-07_08-30-34-C50-1536x864.jpg",1536,864,true],"2048x2048":["https:\/\/www.lldea.fr\/wp-content\/uploads\/2021\/12\/ScreenShot-2021-11-07_08-30-34-C50.jpg",1920,1080,false],"inspiro-featured-image":["https:\/\/www.lldea.fr\/wp-content\/uploads\/2021\/12\/ScreenShot-2021-11-07_08-30-34-C50.jpg",1920,1080,false],"inspiro-loop":["https:\/\/www.lldea.fr\/wp-content\/uploads\/2021\/12\/ScreenShot-2021-11-07_08-30-34-C50-950x320.jpg",950,320,true],"inspiro-loop@2x":["https:\/\/www.lldea.fr\/wp-content\/uploads\/2021\/12\/ScreenShot-2021-11-07_08-30-34-C50-1900x640.jpg",1900,640,true],"portfolio_item-thumbnail":["https:\/\/www.lldea.fr\/wp-content\/uploads\/2021\/12\/ScreenShot-2021-11-07_08-30-34-C50-600x400.jpg",600,400,true],"portfolio_item-thumbnail@2x":["https:\/\/www.lldea.fr\/wp-content\/uploads\/2021\/12\/ScreenShot-2021-11-07_08-30-34-C50-1200x800.jpg",1200,800,true],"portfolio_item-masonry":["https:\/\/www.lldea.fr\/wp-content\/uploads\/2021\/12\/ScreenShot-2021-11-07_08-30-34-C50-600x338.jpg",600,338,true],"portfolio_item-masonry@2x":["https:\/\/www.lldea.fr\/wp-content\/uploads\/2021\/12\/ScreenShot-2021-11-07_08-30-34-C50-1200x675.jpg",1200,675,true],"portfolio_item-thumbnail_cinema":["https:\/\/www.lldea.fr\/wp-content\/uploads\/2021\/12\/ScreenShot-2021-11-07_08-30-34-C50-800x335.jpg",800,335,true],"portfolio_item-thumbnail_portrait":["https:\/\/www.lldea.fr\/wp-content\/uploads\/2021\/12\/ScreenShot-2021-11-07_08-30-34-C50-600x900.jpg",600,900,true],"portfolio_item-thumbnail_portrait@2x":["https:\/\/www.lldea.fr\/wp-content\/uploads\/2021\/12\/ScreenShot-2021-11-07_08-30-34-C50-1200x1080.jpg",1200,1080,true],"portfolio_item-thumbnail_square":["https:\/\/www.lldea.fr\/wp-content\/uploads\/2021\/12\/ScreenShot-2021-11-07_08-30-34-C50-800x800.jpg",800,800,true]},"_links":{"self":[{"href":"https:\/\/www.lldea.fr\/index.php\/wp-json\/wp\/v2\/pages\/317","targetHints":{"allow":["GET"]}}],"collection":[{"href":"https:\/\/www.lldea.fr\/index.php\/wp-json\/wp\/v2\/pages"}],"about":[{"href":"https:\/\/www.lldea.fr\/index.php\/wp-json\/wp\/v2\/types\/page"}],"author":[{"embeddable":true,"href":"https:\/\/www.lldea.fr\/index.php\/wp-json\/wp\/v2\/users\/1"}],"replies":[{"embeddable":true,"href":"https:\/\/www.lldea.fr\/index.php\/wp-json\/wp\/v2\/comments?post=317"}],"version-history":[{"count":0,"href":"https:\/\/www.lldea.fr\/index.php\/wp-json\/wp\/v2\/pages\/317\/revisions"}],"wp:featuredmedia":[{"embeddable":true,"href":"https:\/\/www.lldea.fr\/index.php\/wp-json\/wp\/v2\/media\/318"}],"wp:attachment":[{"href":"https:\/\/www.lldea.fr\/index.php\/wp-json\/wp\/v2\/media?parent=317"}],"curies":[{"name":"wp","href":"https:\/\/api.w.org\/{rel}","templated":true}]}}