{"id":240,"date":"2021-09-11T14:58:05","date_gmt":"2021-09-11T12:58:05","guid":{"rendered":"http:\/\/lldea.starcitizen-beast.space\/?page_id=240"},"modified":"2024-11-21T19:07:58","modified_gmt":"2024-11-21T18:07:58","slug":"ligue-libre-des-entrepreneurs-darc-corp-lldea","status":"publish","type":"page","link":"https:\/\/www.lldea.fr\/","title":{"rendered":"LLDEA"},"content":{"rendered":"\n<h2 class=\"wp-block-heading\">Ligue Libre des Entrepreneurs d&rsquo;Arc Corp <\/h2>\n\n\n\n<h2 class=\"wp-block-heading\">HAKON et DEALL<\/h2>\n\n\n\n<p>Version3.24.3 (2953\/2954) sujet \u00e0 modification<\/p>\n\n\n\n<figure class=\"wp-block-image aligncenter size-full is-resized\"><img fetchpriority=\"high\" decoding=\"async\" width=\"512\" height=\"512\" src=\"http:\/\/www.lldea.fr\/wp-content\/uploads\/2024\/08\/cropped-cropped-lldea3b175.png\" alt=\"\" class=\"wp-image-707\" style=\"width:214px;height:auto\" srcset=\"https:\/\/www.lldea.fr\/wp-content\/uploads\/2024\/08\/cropped-cropped-lldea3b175.png 512w, https:\/\/www.lldea.fr\/wp-content\/uploads\/2024\/08\/cropped-cropped-lldea3b175-300x300.png 300w, https:\/\/www.lldea.fr\/wp-content\/uploads\/2024\/08\/cropped-cropped-lldea3b175-150x150.png 150w, https:\/\/www.lldea.fr\/wp-content\/uploads\/2024\/08\/cropped-cropped-lldea3b175-270x270.png 270w, https:\/\/www.lldea.fr\/wp-content\/uploads\/2024\/08\/cropped-cropped-lldea3b175-192x192.png 192w, https:\/\/www.lldea.fr\/wp-content\/uploads\/2024\/08\/cropped-cropped-lldea3b175-180x180.png 180w, https:\/\/www.lldea.fr\/wp-content\/uploads\/2024\/08\/cropped-cropped-lldea3b175-32x32.png 32w\" sizes=\"(max-width: 512px) 100vw, 512px\" \/><\/figure>\n\n\n\n<figure class=\"wp-block-pullquote\"><blockquote><p><em>Si tu veux construire un vaisseau, ne rassemble pas tes hommes et femmes pour leur donner des ordres, pour expliquer chaque d\u00e9tail, pour leur dire o\u00f9 trouver chaque chose\u2026 Si tu veux construire un vaisseau, fais na\u00eetre dans le c\u0153ur de tes hommes et femmes le d\u00e9sir de l\u2019espace. \u201c<\/em><\/p><cite>ADSE auteur inconnu du mill\u00e9naire pr\u00e9c\u00e9dent<\/cite><\/blockquote><\/figure>\n\n\n\n<p><strong>Description:<\/strong><\/p>\n\n\n\n<p>La <strong>LLDEA<\/strong> est une corporation qui r\u00e9unit des freelancers ind\u00e9pendants ayant des valeurs communes,&nbsp; l\u2019exp\u00e9rience, la comp\u00e9tence&nbsp; \u00e0 leur service et au service de la LLDEA.&nbsp;<\/p>\n\n\n\n<p>Faire partie de la LLDEA comporte beaucoup de libert\u00e9 mais aussi des devoirs afin d\u2019\u00eatre plus fort ensemble.&nbsp;<\/p>\n\n\n\n<p>Pour faire vivre la LLDEA, nous mettons en avant le transport de marchandises pr\u00e9cieux et l\u2019exploration lucrative. et toutes missions dans les limites de la loi du secteur.&nbsp;<\/p>\n\n\n\n<p>Les<strong> HAKON<\/strong> sont des freelancers d\u00e9di\u00e9 \u00e0 la s\u00e9curit\u00e9 de la corporation<\/p>\n\n\n\n<hr class=\"wp-block-separator has-css-opacity\"\/>\n\n\n\n<p><strong>Conditions <\/strong>: esprit mature<\/p>\n\n\n\n<p><strong>Structure <\/strong>: freelancers ind\u00e9pendants&nbsp; et soud\u00e9s. men\u00e9 par la CEO et le conseil de LLDEA<\/p>\n\n\n\n<p><strong>Activit\u00e9 <\/strong>: Exploration et transports et tout contrat profitable \u00e0 la LLDEA et ses membres.<\/p>\n\n\n\n<p><strong>Langue <\/strong>: Fran\u00e7ais mais pas exclusif<\/p>\n\n\n\n<p><strong>Affiliation \u00e0 l\u2019UEE <\/strong>:\u00a0 neutre . Nous respectons la loi\u00a0 mais ne sommes pas pro UEE \u00e0 tout prix<\/p>\n\n\n\n<p><strong>Exclusif <\/strong>: Non mais une&nbsp;loyaut\u00e9 honn\u00eate&nbsp;envers la LLDEA est demand\u00e9e .<\/p>\n\n\n\n<p><strong>Lien RSI <\/strong>:\u00a0<a href=\"https:\/\/robertsspaceindustries.com\/orgs\/LLDEA\">https:\/\/robertsspaceindustries.com\/orgs\/LLDEA<\/a><\/p>\n\n\n\n<h2 class=\"wp-block-heading alignfull has-text-align-center\"><strong>HISTOIRE<\/strong><\/h2>\n\n\n\n<pre class=\"wp-block-verse has-medium-font-size\">la LLDEA est une entreprise familiale cr\u00e9\u00e9e il y a un demi si\u00e8cle en 2902 par Jason \"Yug\" Rod  \u00e0 l\u2019av\u00e8nement de la d\u00e9couverte de Stanton. mais sa passion pour le jeu ruina la petite entreprise. En 2910, Les seules ressources restantes furent mis de c\u00f4t\u00e9 par Rody Rod le fils a\u00een\u00e9 qui cr\u00e9a une soci\u00e9t\u00e9 sur les ruines de l\u2019ancienne compagnie. La LLDEA se d\u00e9veloppa jusqu\u2019au moment o\u00f9 les cr\u00e9anciers de leur p\u00e8re leur tomb\u00e8rent dessus afin de demander leur d\u00fb. Encore une fois, les finances coul\u00e8rent la soci\u00e9t\u00e9. Rody d\u00fb se cacher pendant un temps dans la base de GrimHex le temps que des cr\u00e9anciers peu recommandables furent arr\u00eat\u00e9s. Il rencontra un \u201croutier\u201d de l\u2019espace: Ricou \"Cold\" avec qui il fonda la 3\u00e8me fois la LLDEA. Cette fois ci, Le commerce fut mis en avant. En 2940, Ricou d\u00e9couvrit la fille cach\u00e9e de Rody: Yena \u201cBeast\u201d Ju'un sur Arc Corp. Il l\u2019adopta et l\u2019int\u00e9gra dans la LLDEA. Depuis ce temps, Yena appelait Rody Papa et Ricou Maman. Yena , malgr\u00e9 sa vie difficile dans la soci\u00e9t\u00e9 d\u2019ArcCorp, avait d\u00e9velopp\u00e9e le go\u00fbt du luxe. Elle devint la charg\u00e9e de communication de la LLDEA. Essayant de chercher des nouvelles routes commerciales. Elle int\u00e9gra d\u2019autres pilotes \u00e0 l\u2019abandon. Les perspectives des d\u00e9couvertes pour en tirer profit furent int\u00e9gr\u00e9s dans la LLDEA. Les fonds furent investis dans des vaisseaux de transports et d\u2019exploration.  Yena \u201cBeast\u201d fille de l\u2019ancien PDG a reprit les r\u00eanes de la corporation.<\/pre>\n\n\n\n<pre class=\"wp-block-verse has-medium-font-size\">La corporation passa 3  ans  dans le consortium d'AEGIR qui s'effondra laissant la LLDEA voler de ses propres ailes et ses propres ambitions.\nla corporation a rejoint une petite Alliance avec les Hakkon et les VETS apr\u00e8s avoir quitt\u00e9 le consortium AEGIR . Les HAKON font partie de la LLDEA et sont des Freelancers comme tous les membres. Ils sont la force de s\u00e9curit\u00e9 de corporation industriel et d'exploration.\n\n\n<\/pre>\n\n\n\n<figure class=\"wp-block-image size-large\"><img decoding=\"async\" src=\"https:\/\/lldea.starcitizen-beast.space\/wp-content\/uploads\/2021\/12\/ScreenShot-2021-11-07_08-28-52-D69-1024x576.jpg\" alt=\"\" class=\"wp-image-311\"\/><figcaption class=\"wp-element-caption\">LLDEA PLAZZA \u00e0  AREA 06<\/figcaption><\/figure>\n\n\n\n<figure class=\"wp-block-embed is-type-video is-provider-youtube wp-block-embed-youtube wp-embed-aspect-16-9 wp-has-aspect-ratio\"><div class=\"wp-block-embed__wrapper\">\n<iframe title=\"LLDEA: Vivre libre et s&#039;unir : Les freelancers de la LLDEA\" width=\"950\" height=\"534\" src=\"https:\/\/www.youtube.com\/embed\/oKK-dV2f_Pk?feature=oembed\" frameborder=\"0\" allow=\"accelerometer; autoplay; clipboard-write; encrypted-media; gyroscope; picture-in-picture; web-share\" referrerpolicy=\"strict-origin-when-cross-origin\" allowfullscreen><\/iframe>\n<\/div><\/figure>\n\n\n\n<figure class=\"wp-block-embed is-type-video is-provider-youtube wp-block-embed-youtube wp-embed-aspect-16-9 wp-has-aspect-ratio\"><div class=\"wp-block-embed__wrapper\">\n<iframe title=\"Pub LLDEA corporation exploration\" width=\"950\" height=\"534\" src=\"https:\/\/www.youtube.com\/embed\/GDlbQzm5q9A?feature=oembed\" frameborder=\"0\" allow=\"accelerometer; autoplay; clipboard-write; encrypted-media; gyroscope; picture-in-picture; web-share\" referrerpolicy=\"strict-origin-when-cross-origin\" allowfullscreen><\/iframe>\n<\/div><\/figure>\n\n\n\n<figure class=\"wp-block-embed is-type-video is-provider-youtube wp-block-embed-youtube wp-embed-aspect-16-9 wp-has-aspect-ratio\"><div class=\"wp-block-embed__wrapper\">\n<iframe title=\"Pub LLDEA corporation Transport\" width=\"950\" height=\"534\" src=\"https:\/\/www.youtube.com\/embed\/gnBH_pZ45Pc?feature=oembed\" frameborder=\"0\" allow=\"accelerometer; autoplay; clipboard-write; encrypted-media; gyroscope; picture-in-picture; web-share\" referrerpolicy=\"strict-origin-when-cross-origin\" allowfullscreen><\/iframe>\n<\/div><\/figure>\n\n\n\n<figure class=\"wp-block-embed is-type-video is-provider-youtube wp-block-embed-youtube wp-embed-aspect-16-9 wp-has-aspect-ratio\"><div class=\"wp-block-embed__wrapper\">\n<iframe title=\"hakon LLDEA Le fer de lance de la Corpo\" width=\"950\" height=\"534\" src=\"https:\/\/www.youtube.com\/embed\/NvbdMkZtsrs?feature=oembed\" frameborder=\"0\" allow=\"accelerometer; autoplay; clipboard-write; encrypted-media; gyroscope; picture-in-picture; web-share\" referrerpolicy=\"strict-origin-when-cross-origin\" allowfullscreen><\/iframe>\n<\/div><\/figure>\n\n\n\n<figure class=\"wp-block-image aligncenter size-full is-resized\"><img decoding=\"async\" src=\"https:\/\/lldea.starcitizen-beast.space\/wp-content\/uploads\/2023\/11\/cropped-lldea3b.png\" alt=\"\" class=\"wp-image-524\" style=\"aspect-ratio:1.0013755158184319;width:247px;height:auto\"\/><\/figure>\n","protected":false},"excerpt":{"rendered":"<p>Ligue Libre des Entrepreneurs d&rsquo;Arc Corp HAKON et DEALL Version3.24.3 (2953\/2954) sujet \u00e0 modification Si tu veux construire un vaisseau, ne rassemble pas tes hommes et femmes pour leur donner &hellip; <\/p>\n<p class=\"link-more\"><a href=\"https:\/\/www.lldea.fr\/\" class=\"more-link\">Lire la suite de<span class=\"screen-reader-text\">\u00ab\u00a0LLDEA\u00a0\u00bb<\/span><\/a><\/p>\n","protected":false},"author":1,"featured_media":535,"parent":0,"menu_order":0,"comment_status":"closed","ping_status":"closed","template":"","meta":{"footnotes":""},"class_list":["post-240","page","type-page","status-publish","has-post-thumbnail","hentry"],"featured_media_urls":[],"_links":{"self":[{"href":"https:\/\/www.lldea.fr\/index.php\/wp-json\/wp\/v2\/pages\/240","targetHints":{"allow":["GET"]}}],"collection":[{"href":"https:\/\/www.lldea.fr\/index.php\/wp-json\/wp\/v2\/pages"}],"about":[{"href":"https:\/\/www.lldea.fr\/index.php\/wp-json\/wp\/v2\/types\/page"}],"author":[{"embeddable":true,"href":"https:\/\/www.lldea.fr\/index.php\/wp-json\/wp\/v2\/users\/1"}],"replies":[{"embeddable":true,"href":"https:\/\/www.lldea.fr\/index.php\/wp-json\/wp\/v2\/comments?post=240"}],"version-history":[{"count":4,"href":"https:\/\/www.lldea.fr\/index.php\/wp-json\/wp\/v2\/pages\/240\/revisions"}],"predecessor-version":[{"id":782,"href":"https:\/\/www.lldea.fr\/index.php\/wp-json\/wp\/v2\/pages\/240\/revisions\/782"}],"wp:featuredmedia":[{"embeddable":true,"href":"https:\/\/www.lldea.fr\/index.php\/wp-json\/"}],"wp:attachment":[{"href":"https:\/\/www.lldea.fr\/index.php\/wp-json\/wp\/v2\/media?parent=240"}],"curies":[{"name":"wp","href":"https:\/\/api.w.org\/{rel}","templated":true}]}}